{"id":1416,"date":"2023-06-05T15:33:44","date_gmt":"2023-06-05T15:33:44","guid":{"rendered":"https:\/\/jetski-frejus.com\/?page_id=1416"},"modified":"2023-06-08T14:04:15","modified_gmt":"2023-06-08T14:04:15","slug":"randonnees-jet-ski","status":"publish","type":"page","link":"https:\/\/jetski-frejus.com\/en\/jet-ski-rides\/","title":{"rendered":"JET SKI TOURS in Fr\u00e9jus and Saint-Rapha\u00ebl"},"content":{"rendered":"<div data-elementor-type=\"wp-page\" data-elementor-id=\"1416\" class=\"elementor elementor-1416\" data-elementor-post-type=\"page\">\n\t\t\t\t\t\t<section data-particle_enable=\"false\" data-particle-mobile-disabled=\"false\" class=\"elementor-section elementor-top-section elementor-element elementor-element-eb46abe elementor-section-boxed elementor-section-height-default elementor-section-height-default\" data-id=\"eb46abe\" data-element_type=\"section\" data-e-type=\"section\">\n\t\t\t\t\t\t<div class=\"elementor-container elementor-column-gap-default\">\n\t\t\t\t\t<div class=\"elementor-column elementor-col-100 elementor-top-column elementor-element elementor-element-b42f2a2\" data-id=\"b42f2a2\" data-element_type=\"column\" data-e-type=\"column\">\n\t\t\t<div class=\"elementor-widget-wrap elementor-element-populated\">\n\t\t\t\t\t\t<div class=\"elementor-element elementor-element-04f346a elementor-widget elementor-widget-heading\" data-id=\"04f346a\" data-element_type=\"widget\" data-e-type=\"widget\" data-widget_type=\"heading.default\">\n\t\t\t\t<div class=\"elementor-widget-container\">\n\t\t\t\t\t<h2 class=\"elementor-heading-title elementor-size-default\">JET SKI TOURS<\/h2>\t\t\t\t<\/div>\n\t\t\t\t<\/div>\n\t\t\t\t\t<\/div>\n\t\t<\/div>\n\t\t\t\t\t<\/div>\n\t\t<\/section>\n\t\t\t\t<section data-particle_enable=\"false\" data-particle-mobile-disabled=\"false\" class=\"elementor-section elementor-top-section elementor-element elementor-element-oso9l3m elementor-section-content-middle elementor-section-boxed elementor-section-height-default elementor-section-height-default\" data-id=\"oso9l3m\" data-element_type=\"section\" data-e-type=\"section\" data-settings=\"{&quot;background_background&quot;:&quot;classic&quot;}\">\n\t\t\t\t\t\t\t<div class=\"elementor-background-overlay\"><\/div>\n\t\t\t\t\t\t\t<div class=\"elementor-container elementor-column-gap-no\">\n\t\t\t\t\t<div class=\"elementor-column elementor-col-50 elementor-top-column elementor-element elementor-element-05c2928\" data-id=\"05c2928\" data-element_type=\"column\" data-e-type=\"column\" data-settings=\"{&quot;background_background&quot;:&quot;classic&quot;}\">\n\t\t\t<div class=\"elementor-widget-wrap elementor-element-populated\">\n\t\t\t\t\t\t<div class=\"elementor-element elementor-element-85cbfc5 elementor-widget elementor-widget-image\" data-id=\"85cbfc5\" data-element_type=\"widget\" data-e-type=\"widget\" data-widget_type=\"image.default\">\n\t\t\t\t<div class=\"elementor-widget-container\">\n\t\t\t\t\t\t\t\t\t\t\t\t\t\t\t<img fetchpriority=\"high\" decoding=\"async\" width=\"2048\" height=\"1365\" src=\"https:\/\/jetski-frejus.com\/wp-content\/uploads\/2023\/06\/106931917_3219247754762098_63743447442410457_n.jpg\" class=\"attachment-full size-full wp-image-1358\" alt=\"\" srcset=\"https:\/\/jetski-frejus.com\/wp-content\/uploads\/2023\/06\/106931917_3219247754762098_63743447442410457_n.jpg 2048w, https:\/\/jetski-frejus.com\/wp-content\/uploads\/2023\/06\/106931917_3219247754762098_63743447442410457_n-300x200.jpg 300w, https:\/\/jetski-frejus.com\/wp-content\/uploads\/2023\/06\/106931917_3219247754762098_63743447442410457_n-1024x683.jpg 1024w, https:\/\/jetski-frejus.com\/wp-content\/uploads\/2023\/06\/106931917_3219247754762098_63743447442410457_n-768x512.jpg 768w, https:\/\/jetski-frejus.com\/wp-content\/uploads\/2023\/06\/106931917_3219247754762098_63743447442410457_n-1536x1024.jpg 1536w\" sizes=\"(max-width: 2048px) 100vw, 2048px\" title=\"\">\t\t\t\t\t\t\t\t\t\t\t\t\t\t\t<\/div>\n\t\t\t\t<\/div>\n\t\t\t\t<div class=\"elementor-element elementor-element-5d1179b elementor-widget elementor-widget-heading\" data-id=\"5d1179b\" data-element_type=\"widget\" data-e-type=\"widget\" data-widget_type=\"heading.default\">\n\t\t\t\t<div class=\"elementor-widget-container\">\n\t\t\t\t\t<h3 class=\"elementor-heading-title elementor-size-default\">HIKE 1: CAP CAMARAT - 4 hours \n<\/h3>\t\t\t\t<\/div>\n\t\t\t\t<\/div>\n\t\t\t\t<div class=\"elementor-element elementor-element-88781ca elementor-widget elementor-widget-text-editor\" data-id=\"88781ca\" data-element_type=\"widget\" data-e-type=\"widget\" data-widget_type=\"text-editor.default\">\n\t\t\t\t<div class=\"elementor-widget-container\">\n\t\t\t\t\t\t\t\t\t<p><span style=\"mso-spacerun: 'yes'; font-family: Calibri; mso-bidi-font-family: 'Times New Roman'; font-size: 11,0000pt; mso-font-kerning: 1,0000pt;\">Departing from the port of Saint-Aygulf, sail towards Saint-Tropez and take a break in front of its historic port, before relaxing with a breakfast by the water at Grimaud plage. Set out again to explore Cogolin Bay and, weather permitting, venture as far as Cap Camarat. Discovery breaks and swimming will allow you to relax and enjoy the landscape offered by the Var coast.<\/span><\/p><p>\u00a0<\/p><p><span style=\"mso-spacerun: 'yes'; font-family: Calibri; mso-bidi-font-family: 'Times New Roman'; font-size: 11,0000pt; mso-font-kerning: 1,0000pt;\"><strong>230\u20ac (without license)<\/strong><br \/><\/span><\/p><p><span style=\"mso-spacerun: 'yes'; font-family: Calibri; mso-bidi-font-family: 'Times New Roman'; font-size: 11,0000pt; mso-font-kerning: 1,0000pt;\">\u00a0\u2013 Only in the morning \u2013 meeting at 8:15 a.m.\u00a0<br \/><\/span><span style=\"font-family: Calibri; font-style: inherit; font-weight: inherit; color: var(--ast-global-color-3);\">\u00a0- Breakfast included\u00a0<br \/><\/span><span style=\"mso-spacerun: 'yes'; font-family: Calibri; mso-bidi-font-family: 'Times New Roman'; font-size: 11,0000pt; mso-font-kerning: 1,0000pt;\">\u00a0\u2013 Price for 1 person \u2013 supplement of 10\u20ac for the guide<br \/>\u00a0\u2013 From 16 years old as a driver and 12 years old as a guide (or 1m20)<\/span><\/p>\t\t\t\t\t\t\t\t<\/div>\n\t\t\t\t<\/div>\n\t\t\t\t<div class=\"elementor-element elementor-element-5b404d1 elementor-widget elementor-widget-button\" data-id=\"5b404d1\" data-element_type=\"widget\" data-e-type=\"widget\" data-widget_type=\"button.default\">\n\t\t\t\t<div class=\"elementor-widget-container\">\n\t\t\t\t\t\t\t\t\t<div class=\"elementor-button-wrapper\">\n\t\t\t\t\t<a class=\"elementor-button elementor-button-link elementor-size-sm\" href=\"#\">\n\t\t\t\t\t\t<span class=\"elementor-button-content-wrapper\">\n\t\t\t\t\t\t\t\t\t<span class=\"elementor-button-text\">Book<\/span>\n\t\t\t\t\t<\/span>\n\t\t\t\t\t<\/a>\n\t\t\t\t<\/div>\n\t\t\t\t\t\t\t\t<\/div>\n\t\t\t\t<\/div>\n\t\t\t\t<div class=\"elementor-element elementor-element-482b3d3 elementor-widget elementor-widget-button\" data-id=\"482b3d3\" data-element_type=\"widget\" data-e-type=\"widget\" data-widget_type=\"button.default\">\n\t\t\t\t<div class=\"elementor-widget-container\">\n\t\t\t\t\t\t\t\t\t<div class=\"elementor-button-wrapper\">\n\t\t\t\t\t<a class=\"elementor-button elementor-button-link elementor-size-sm\" href=\"#\">\n\t\t\t\t\t\t<span class=\"elementor-button-content-wrapper\">\n\t\t\t\t\t\t\t\t\t<span class=\"elementor-button-text\">Jet ski rates with license<\/span>\n\t\t\t\t\t<\/span>\n\t\t\t\t\t<\/a>\n\t\t\t\t<\/div>\n\t\t\t\t\t\t\t\t<\/div>\n\t\t\t\t<\/div>\n\t\t\t\t\t<\/div>\n\t\t<\/div>\n\t\t\t\t<div class=\"elementor-column elementor-col-50 elementor-top-column elementor-element elementor-element-31c4cbc\" data-id=\"31c4cbc\" data-element_type=\"column\" data-e-type=\"column\">\n\t\t\t<div class=\"elementor-widget-wrap elementor-element-populated\">\n\t\t\t\t\t\t<div class=\"elementor-element elementor-element-5ca7fe6 elementor-widget elementor-widget-image\" data-id=\"5ca7fe6\" data-element_type=\"widget\" data-e-type=\"widget\" data-widget_type=\"image.default\">\n\t\t\t\t<div class=\"elementor-widget-container\">\n\t\t\t\t\t\t\t\t\t\t\t\t\t\t\t<img decoding=\"async\" width=\"1500\" height=\"1125\" src=\"https:\/\/jetski-frejus.com\/wp-content\/uploads\/2023\/06\/IMG_20230525_171156_944.jpg\" class=\"attachment-full size-full wp-image-1442\" alt=\"\" srcset=\"https:\/\/jetski-frejus.com\/wp-content\/uploads\/2023\/06\/IMG_20230525_171156_944.jpg 1500w, https:\/\/jetski-frejus.com\/wp-content\/uploads\/2023\/06\/IMG_20230525_171156_944-300x225.jpg 300w, https:\/\/jetski-frejus.com\/wp-content\/uploads\/2023\/06\/IMG_20230525_171156_944-1024x768.jpg 1024w, https:\/\/jetski-frejus.com\/wp-content\/uploads\/2023\/06\/IMG_20230525_171156_944-768x576.jpg 768w\" sizes=\"(max-width: 1500px) 100vw, 1500px\" title=\"\">\t\t\t\t\t\t\t\t\t\t\t\t\t\t\t<\/div>\n\t\t\t\t<\/div>\n\t\t\t\t<div class=\"elementor-element elementor-element-ea3f810 elementor-widget elementor-widget-heading\" data-id=\"ea3f810\" data-element_type=\"widget\" data-e-type=\"widget\" data-widget_type=\"heading.default\">\n\t\t\t\t<div class=\"elementor-widget-container\">\n\t\t\t\t\t<h3 class=\"elementor-heading-title elementor-size-default\">HIKE 2: BAY OF CANNES - 4 hours\n<\/h3>\t\t\t\t<\/div>\n\t\t\t\t<\/div>\n\t\t\t\t<div class=\"elementor-element elementor-element-dd399ed elementor-widget elementor-widget-text-editor\" data-id=\"dd399ed\" data-element_type=\"widget\" data-e-type=\"widget\" data-widget_type=\"text-editor.default\">\n\t\t\t\t<div class=\"elementor-widget-container\">\n\t\t\t\t\t\t\t\t\t<p><span style=\"font-family: Calibri;\">Departing from the port of Saint-Aygulf, visit the bay of Fr\u00e9jus and the \u00cele d&#039;or, then sail to the foot of the magnificent red rocks of the Est\u00e9rel. Walk along the steep coastline of the C\u00f4te d&#039;Azur with a view of its exceptional hidden coves. Finally, relax at the port of La Figueirette with a good breakfast under the midday sun. Discovery breaks and swimming will allow you to relax and enjoy the landscape offered by the Var coast.<\/span><\/p><p style=\"font-size: 16px; font-style: normal; font-weight: 400;\"><span style=\"font-family: Calibri;\"><span style=\"font-weight: bold;\">230\u20ac (without license)<\/span><br \/><\/span><\/p><p style=\"font-size: 16px; font-style: normal; font-weight: 400;\"><span style=\"font-family: Calibri;\">\u00a0\u2013 Only in the morning \u2013 meeting at 8:15 a.m.\u00a0<br \/><\/span><span style=\"font-family: Calibri; font-style: inherit; font-weight: inherit; color: var(--ast-global-color-3);\">\u00a0- Breakfast included\u00a0<br \/><\/span><span style=\"font-family: Calibri;\">\u00a0\u2013 Price for 1 person \u2013 supplement of 10\u20ac for the guide<br \/><\/span><span style=\"font-family: Calibri;\">\u00a0\u2013 From 16 years old as a driver and 12 years old as a guide (or 1m20)<\/span><span style=\"font-family: Calibri;\"><br \/><\/span><\/p>\t\t\t\t\t\t\t\t<\/div>\n\t\t\t\t<\/div>\n\t\t\t\t<div class=\"elementor-element elementor-element-3b2a941 elementor-widget elementor-widget-button\" data-id=\"3b2a941\" data-element_type=\"widget\" data-e-type=\"widget\" data-widget_type=\"button.default\">\n\t\t\t\t<div class=\"elementor-widget-container\">\n\t\t\t\t\t\t\t\t\t<div class=\"elementor-button-wrapper\">\n\t\t\t\t\t<a class=\"elementor-button elementor-button-link elementor-size-sm\" href=\"#\">\n\t\t\t\t\t\t<span class=\"elementor-button-content-wrapper\">\n\t\t\t\t\t\t\t\t\t<span class=\"elementor-button-text\">Book<\/span>\n\t\t\t\t\t<\/span>\n\t\t\t\t\t<\/a>\n\t\t\t\t<\/div>\n\t\t\t\t\t\t\t\t<\/div>\n\t\t\t\t<\/div>\n\t\t\t\t<div class=\"elementor-element elementor-element-61626f0 elementor-widget elementor-widget-button\" data-id=\"61626f0\" data-element_type=\"widget\" data-e-type=\"widget\" data-widget_type=\"button.default\">\n\t\t\t\t<div class=\"elementor-widget-container\">\n\t\t\t\t\t\t\t\t\t<div class=\"elementor-button-wrapper\">\n\t\t\t\t\t<a class=\"elementor-button elementor-button-link elementor-size-sm\" href=\"#\">\n\t\t\t\t\t\t<span class=\"elementor-button-content-wrapper\">\n\t\t\t\t\t\t\t\t\t<span class=\"elementor-button-text\">Jet ski rates with license<\/span>\n\t\t\t\t\t<\/span>\n\t\t\t\t\t<\/a>\n\t\t\t\t<\/div>\n\t\t\t\t\t\t\t\t<\/div>\n\t\t\t\t<\/div>\n\t\t\t\t\t<\/div>\n\t\t<\/div>\n\t\t\t\t\t<\/div>\n\t\t<\/section>\n\t\t\t\t<section data-particle_enable=\"false\" data-particle-mobile-disabled=\"false\" class=\"elementor-section elementor-top-section elementor-element elementor-element-uyuyr2y elementor-section-content-middle elementor-section-boxed elementor-section-height-default elementor-section-height-default\" data-id=\"uyuyr2y\" data-element_type=\"section\" data-e-type=\"section\" data-settings=\"{&quot;background_background&quot;:&quot;classic&quot;}\">\n\t\t\t\t\t\t\t<div class=\"elementor-background-overlay\"><\/div>\n\t\t\t\t\t\t\t<div class=\"elementor-container elementor-column-gap-no\">\n\t\t\t\t\t<div class=\"elementor-column elementor-col-50 elementor-top-column elementor-element elementor-element-05c2928\" data-id=\"05c2928\" data-element_type=\"column\" data-e-type=\"column\" data-settings=\"{&quot;background_background&quot;:&quot;classic&quot;}\">\n\t\t\t<div class=\"elementor-widget-wrap elementor-element-populated\">\n\t\t\t\t\t\t<div class=\"elementor-element elementor-element-85cbfc5 elementor-widget elementor-widget-image\" data-id=\"85cbfc5\" data-element_type=\"widget\" data-e-type=\"widget\" data-widget_type=\"image.default\">\n\t\t\t\t<div class=\"elementor-widget-container\">\n\t\t\t\t\t\t\t\t\t\t\t\t\t\t\t<img decoding=\"async\" width=\"2048\" height=\"1536\" src=\"https:\/\/jetski-frejus.com\/wp-content\/uploads\/2023\/06\/IMG-20220705-WA0005.jpg\" class=\"attachment-full size-full wp-image-1445\" alt=\"\" srcset=\"https:\/\/jetski-frejus.com\/wp-content\/uploads\/2023\/06\/IMG-20220705-WA0005.jpg 2048w, https:\/\/jetski-frejus.com\/wp-content\/uploads\/2023\/06\/IMG-20220705-WA0005-300x225.jpg 300w, https:\/\/jetski-frejus.com\/wp-content\/uploads\/2023\/06\/IMG-20220705-WA0005-1024x768.jpg 1024w, https:\/\/jetski-frejus.com\/wp-content\/uploads\/2023\/06\/IMG-20220705-WA0005-768x576.jpg 768w, https:\/\/jetski-frejus.com\/wp-content\/uploads\/2023\/06\/IMG-20220705-WA0005-1536x1152.jpg 1536w\" sizes=\"(max-width: 2048px) 100vw, 2048px\" title=\"\">\t\t\t\t\t\t\t\t\t\t\t\t\t\t\t<\/div>\n\t\t\t\t<\/div>\n\t\t\t\t<div class=\"elementor-element elementor-element-5d1179b elementor-widget elementor-widget-heading\" data-id=\"5d1179b\" data-element_type=\"widget\" data-e-type=\"widget\" data-widget_type=\"heading.default\">\n\t\t\t\t<div class=\"elementor-widget-container\">\n\t\t\t\t\t<h3 class=\"elementor-heading-title elementor-size-default\">HIKE 3: THE ESTEREL - 1h30<\/h3>\t\t\t\t<\/div>\n\t\t\t\t<\/div>\n\t\t\t\t<div class=\"elementor-element elementor-element-88781ca elementor-widget elementor-widget-text-editor\" data-id=\"88781ca\" data-element_type=\"widget\" data-e-type=\"widget\" data-widget_type=\"text-editor.default\">\n\t\t\t\t<div class=\"elementor-widget-container\">\n\t\t\t\t\t\t\t\t\t<p><span style=\"mso-spacerun: 'yes'; font-family: Calibri; mso-bidi-font-family: 'Times New Roman'; font-size: 11,0000pt; mso-font-kerning: 1,0000pt;\">Departing from the port of Saint-Aygulf, visit the bay of Fr\u00e9jus and the \u00cele d&#039;or, then sail to the magnificent Anth\u00e9or viaduct, at the foot of the red rocks of the Est\u00e9rel. Discovery breaks and swimming will allow you to relax and enjoy the landscape offered by the Var coast.<\/span><\/p><p><span style=\"mso-spacerun: 'yes'; font-family: Calibri; mso-bidi-font-family: 'Times New Roman'; font-size: 11,0000pt; mso-font-kerning: 1,0000pt;\">\u00a0<\/span><\/p><p style=\"font-size: 16px; font-style: normal; font-weight: 400;\"><span style=\"font-family: Calibri;\"><span style=\"font-weight: bold;\">160\u20ac (without license)<\/span><br \/><\/span><\/p><p style=\"font-size: 16px; font-style: normal; font-weight: 400;\"><span style=\"font-family: Calibri;\">\u00a0\u2013 Available all day<\/span><span style=\"font-family: Calibri; font-style: inherit; font-weight: inherit; color: var(--ast-global-color-3);\"><br \/><\/span><span style=\"font-family: Calibri;\">\u00a0\u2013 Price per jet ski (for 1 or 2 people)<br \/><\/span><span style=\"font-family: Calibri;\">\u00a0\u2013 From 16 years old as a driver and 12 years old as a guide (or 1m20)<\/span><span style=\"font-family: Calibri;\"><br \/><\/span><\/p>\t\t\t\t\t\t\t\t<\/div>\n\t\t\t\t<\/div>\n\t\t\t\t<div class=\"elementor-element elementor-element-5b404d1 elementor-widget elementor-widget-button\" data-id=\"5b404d1\" data-element_type=\"widget\" data-e-type=\"widget\" data-widget_type=\"button.default\">\n\t\t\t\t<div class=\"elementor-widget-container\">\n\t\t\t\t\t\t\t\t\t<div class=\"elementor-button-wrapper\">\n\t\t\t\t\t<a class=\"elementor-button elementor-button-link elementor-size-sm\" href=\"#\">\n\t\t\t\t\t\t<span class=\"elementor-button-content-wrapper\">\n\t\t\t\t\t\t\t\t\t<span class=\"elementor-button-text\">Book<\/span>\n\t\t\t\t\t<\/span>\n\t\t\t\t\t<\/a>\n\t\t\t\t<\/div>\n\t\t\t\t\t\t\t\t<\/div>\n\t\t\t\t<\/div>\n\t\t\t\t<div class=\"elementor-element elementor-element-3ea8e39 elementor-widget elementor-widget-button\" data-id=\"3ea8e39\" data-element_type=\"widget\" data-e-type=\"widget\" data-widget_type=\"button.default\">\n\t\t\t\t<div class=\"elementor-widget-container\">\n\t\t\t\t\t\t\t\t\t<div class=\"elementor-button-wrapper\">\n\t\t\t\t\t<a class=\"elementor-button elementor-button-link elementor-size-sm\" href=\"#\">\n\t\t\t\t\t\t<span class=\"elementor-button-content-wrapper\">\n\t\t\t\t\t\t\t\t\t<span class=\"elementor-button-text\">Jet ski rates with license<\/span>\n\t\t\t\t\t<\/span>\n\t\t\t\t\t<\/a>\n\t\t\t\t<\/div>\n\t\t\t\t\t\t\t\t<\/div>\n\t\t\t\t<\/div>\n\t\t\t\t\t<\/div>\n\t\t<\/div>\n\t\t\t\t<div class=\"elementor-column elementor-col-50 elementor-top-column elementor-element elementor-element-31c4cbc\" data-id=\"31c4cbc\" data-element_type=\"column\" data-e-type=\"column\">\n\t\t\t<div class=\"elementor-widget-wrap elementor-element-populated\">\n\t\t\t\t\t\t<div class=\"elementor-element elementor-element-5ca7fe6 elementor-widget elementor-widget-image\" data-id=\"5ca7fe6\" data-element_type=\"widget\" data-e-type=\"widget\" data-widget_type=\"image.default\">\n\t\t\t\t<div class=\"elementor-widget-container\">\n\t\t\t\t\t\t\t\t\t\t\t\t\t\t\t<img loading=\"lazy\" decoding=\"async\" width=\"2048\" height=\"1536\" src=\"https:\/\/jetski-frejus.com\/wp-content\/uploads\/2023\/06\/IMG-20220710-WA0000.jpg\" class=\"attachment-full size-full wp-image-1446\" alt=\"\" srcset=\"https:\/\/jetski-frejus.com\/wp-content\/uploads\/2023\/06\/IMG-20220710-WA0000.jpg 2048w, https:\/\/jetski-frejus.com\/wp-content\/uploads\/2023\/06\/IMG-20220710-WA0000-300x225.jpg 300w, https:\/\/jetski-frejus.com\/wp-content\/uploads\/2023\/06\/IMG-20220710-WA0000-1024x768.jpg 1024w, https:\/\/jetski-frejus.com\/wp-content\/uploads\/2023\/06\/IMG-20220710-WA0000-768x576.jpg 768w, https:\/\/jetski-frejus.com\/wp-content\/uploads\/2023\/06\/IMG-20220710-WA0000-1536x1152.jpg 1536w\" sizes=\"(max-width: 2048px) 100vw, 2048px\" title=\"\">\t\t\t\t\t\t\t\t\t\t\t\t\t\t\t<\/div>\n\t\t\t\t<\/div>\n\t\t\t\t<div class=\"elementor-element elementor-element-ea3f810 elementor-widget elementor-widget-heading\" data-id=\"ea3f810\" data-element_type=\"widget\" data-e-type=\"widget\" data-widget_type=\"heading.default\">\n\t\t\t\t<div class=\"elementor-widget-container\">\n\t\t\t\t\t<h3 class=\"elementor-heading-title elementor-size-default\">HIKE 4: GOLD ISLAND - 1h<\/h3>\t\t\t\t<\/div>\n\t\t\t\t<\/div>\n\t\t\t\t<div class=\"elementor-element elementor-element-dd399ed elementor-widget elementor-widget-text-editor\" data-id=\"dd399ed\" data-element_type=\"widget\" data-e-type=\"widget\" data-widget_type=\"text-editor.default\">\n\t\t\t\t<div class=\"elementor-widget-container\">\n\t\t\t\t\t\t\t\t\t<p><span style=\"font-family: Calibri;\">Departing from the Port of Saint-Aygulf, visit the bay of Fr\u00e9jus and sail to the Ile d&#039;Or, one of the sixty most beautiful sites in France (also called the Island of Tintin), at the foot of the majestic Dramont massif. Discovery breaks and swimming will allow you to relax and enjoy the landscape offered by the Var coast.<\/span><\/p><p style=\"font-size: 16px; font-style: normal; font-weight: 400;\"><span style=\"font-family: Calibri;\"><span style=\"font-weight: bold;\">130\u20ac (without license)<\/span><br \/><\/span><\/p><p style=\"font-size: 16px; font-style: normal; font-weight: 400;\"><span style=\"font-family: Calibri;\">\u00a0\u2013 Available all day<\/span><span style=\"font-family: Calibri; font-style: inherit; font-weight: inherit; color: var(--ast-global-color-3);\"><br \/><\/span><span style=\"font-family: Calibri;\">\u00a0\u2013 Price per jet ski (for 1 or 2 people)<br \/><\/span><span style=\"font-family: Calibri;\">\u00a0\u2013 From 16 years old as a driver and 12 years old as a guide (or 1m20)<\/span><span style=\"font-family: Calibri;\"><br \/><\/span><\/p>\t\t\t\t\t\t\t\t<\/div>\n\t\t\t\t<\/div>\n\t\t\t\t<div class=\"elementor-element elementor-element-3b2a941 elementor-widget elementor-widget-button\" data-id=\"3b2a941\" data-element_type=\"widget\" data-e-type=\"widget\" data-widget_type=\"button.default\">\n\t\t\t\t<div class=\"elementor-widget-container\">\n\t\t\t\t\t\t\t\t\t<div class=\"elementor-button-wrapper\">\n\t\t\t\t\t<a class=\"elementor-button elementor-button-link elementor-size-sm\" href=\"#\">\n\t\t\t\t\t\t<span class=\"elementor-button-content-wrapper\">\n\t\t\t\t\t\t\t\t\t<span class=\"elementor-button-text\">Book<\/span>\n\t\t\t\t\t<\/span>\n\t\t\t\t\t<\/a>\n\t\t\t\t<\/div>\n\t\t\t\t\t\t\t\t<\/div>\n\t\t\t\t<\/div>\n\t\t\t\t<div class=\"elementor-element elementor-element-878757f elementor-widget elementor-widget-button\" data-id=\"878757f\" data-element_type=\"widget\" data-e-type=\"widget\" data-widget_type=\"button.default\">\n\t\t\t\t<div class=\"elementor-widget-container\">\n\t\t\t\t\t\t\t\t\t<div class=\"elementor-button-wrapper\">\n\t\t\t\t\t<a class=\"elementor-button elementor-button-link elementor-size-sm\" href=\"#\">\n\t\t\t\t\t\t<span class=\"elementor-button-content-wrapper\">\n\t\t\t\t\t\t\t\t\t<span class=\"elementor-button-text\">Jet ski rates with license<\/span>\n\t\t\t\t\t<\/span>\n\t\t\t\t\t<\/a>\n\t\t\t\t<\/div>\n\t\t\t\t\t\t\t\t<\/div>\n\t\t\t\t<\/div>\n\t\t\t\t\t<\/div>\n\t\t<\/div>\n\t\t\t\t\t<\/div>\n\t\t<\/section>\n\t\t\t\t<\/div>","protected":false},"excerpt":{"rendered":"<p>JET SKI HIKES HIKE 1: CAP CAMARAT \u2013 4 hours Departing from the port of Saint-Aygulf, sail towards Saint-Tropez and take a break in front of its historic port, before relaxing with breakfast by the sea. the water at Grimaud beach. Go back and explore the bay of Cogolin and, if the [\u2026]<\/p>","protected":false},"author":6,"featured_media":0,"parent":0,"menu_order":0,"comment_status":"closed","ping_status":"open","template":"","meta":{"site-sidebar-layout":"no-sidebar","site-content-layout":"page-builder","ast-site-content-layout":"default","site-content-style":"default","site-sidebar-style":"default","ast-global-header-display":"","ast-banner-title-visibility":"","ast-main-header-display":"","ast-hfb-above-header-display":"","ast-hfb-below-header-display":"","ast-hfb-mobile-header-display":"","site-post-title":"disabled","ast-breadcrumbs-content":"","ast-featured-img":"disabled","footer-sml-layout":"","ast-disable-related-posts":"","theme-transparent-header-meta":"","adv-header-id-meta":"","stick-header-meta":"","header-above-stick-meta":"","header-main-stick-meta":"","header-below-stick-meta":"","astra-migrate-meta-layouts":"default","ast-page-background-enabled":"default","ast-page-background-meta":{"desktop":{"background-color":"","background-image":"","background-repeat":"repeat","background-position":"center center","background-size":"auto","background-attachment":"scroll","background-type":"","background-media":"","overlay-type":"","overlay-color":"","overlay-opacity":"","overlay-gradient":""},"tablet":{"background-color":"","background-image":"","background-repeat":"repeat","background-position":"center center","background-size":"auto","background-attachment":"scroll","background-type":"","background-media":"","overlay-type":"","overlay-color":"","overlay-opacity":"","overlay-gradient":""},"mobile":{"background-color":"","background-image":"","background-repeat":"repeat","background-position":"center center","background-size":"auto","background-attachment":"scroll","background-type":"","background-media":"","overlay-type":"","overlay-color":"","overlay-opacity":"","overlay-gradient":""}},"ast-content-background-meta":{"desktop":{"background-color":"var(--ast-global-color-5)","background-image":"","background-repeat":"repeat","background-position":"center center","background-size":"auto","background-attachment":"scroll","background-type":"","background-media":"","overlay-type":"","overlay-color":"","overlay-opacity":"","overlay-gradient":""},"tablet":{"background-color":"var(--ast-global-color-5)","background-image":"","background-repeat":"repeat","background-position":"center center","background-size":"auto","background-attachment":"scroll","background-type":"","background-media":"","overlay-type":"","overlay-color":"","overlay-opacity":"","overlay-gradient":""},"mobile":{"background-color":"var(--ast-global-color-5)","background-image":"","background-repeat":"repeat","background-position":"center center","background-size":"auto","background-attachment":"scroll","background-type":"","background-media":"","overlay-type":"","overlay-color":"","overlay-opacity":"","overlay-gradient":""}},"footnotes":""},"class_list":["post-1416","page","type-page","status-publish","hentry"],"_links":{"self":[{"href":"https:\/\/jetski-frejus.com\/en\/wp-json\/wp\/v2\/pages\/1416","targetHints":{"allow":["GET"]}}],"collection":[{"href":"https:\/\/jetski-frejus.com\/en\/wp-json\/wp\/v2\/pages"}],"about":[{"href":"https:\/\/jetski-frejus.com\/en\/wp-json\/wp\/v2\/types\/page"}],"author":[{"embeddable":true,"href":"https:\/\/jetski-frejus.com\/en\/wp-json\/wp\/v2\/users\/6"}],"replies":[{"embeddable":true,"href":"https:\/\/jetski-frejus.com\/en\/wp-json\/wp\/v2\/comments?post=1416"}],"version-history":[{"count":14,"href":"https:\/\/jetski-frejus.com\/en\/wp-json\/wp\/v2\/pages\/1416\/revisions"}],"predecessor-version":[{"id":1651,"href":"https:\/\/jetski-frejus.com\/en\/wp-json\/wp\/v2\/pages\/1416\/revisions\/1651"}],"wp:attachment":[{"href":"https:\/\/jetski-frejus.com\/en\/wp-json\/wp\/v2\/media?parent=1416"}],"curies":[{"name":"wp","href":"https:\/\/api.w.org\/{rel}","templated":true}]}}