{"id":1382,"date":"2023-06-05T12:13:13","date_gmt":"2023-06-05T12:13:13","guid":{"rendered":"https:\/\/jetski-frejus.com\/?page_id=1382"},"modified":"2023-06-08T14:04:18","modified_gmt":"2023-06-08T14:04:18","slug":"seminaires-events","status":"publish","type":"page","link":"https:\/\/jetski-frejus.com\/fr\/seminaires-events\/","title":{"rendered":"S\u00e9minaires &amp; events \u00e0 Fr\u00e9jus et Saint-Rapha\u00ebl"},"content":{"rendered":"\t\t<div data-elementor-type=\"wp-page\" data-elementor-id=\"1382\" class=\"elementor elementor-1382\" data-elementor-post-type=\"page\">\n\t\t\t\t\t\t<section data-particle_enable=\"false\" data-particle-mobile-disabled=\"false\" class=\"elementor-section elementor-top-section elementor-element elementor-element-oce8hoh elementor-section-full_width elementor-section-height-default elementor-section-height-default\" data-id=\"oce8hoh\" data-element_type=\"section\" data-e-type=\"section\" data-settings=\"{&quot;background_background&quot;:&quot;classic&quot;}\">\n\t\t\t\t\t\t<div class=\"elementor-container elementor-column-gap-no\">\n\t\t\t\t\t<div class=\"elementor-column elementor-col-100 elementor-top-column elementor-element elementor-element-0814f73\" data-id=\"0814f73\" data-element_type=\"column\" data-e-type=\"column\">\n\t\t\t<div class=\"elementor-widget-wrap\">\n\t\t\t\t\t\t\t<\/div>\n\t\t<\/div>\n\t\t\t\t\t<\/div>\n\t\t<\/section>\n\t\t\t\t<section data-particle_enable=\"false\" data-particle-mobile-disabled=\"false\" class=\"elementor-section elementor-top-section elementor-element elementor-element-5e1d256 elementor-section-boxed elementor-section-height-default elementor-section-height-default\" data-id=\"5e1d256\" data-element_type=\"section\" data-e-type=\"section\">\n\t\t\t\t\t\t<div class=\"elementor-container elementor-column-gap-default\">\n\t\t\t\t\t<div class=\"elementor-column elementor-col-100 elementor-top-column elementor-element elementor-element-d1e457d\" data-id=\"d1e457d\" data-element_type=\"column\" data-e-type=\"column\">\n\t\t\t<div class=\"elementor-widget-wrap elementor-element-populated\">\n\t\t\t\t\t\t<div class=\"elementor-element elementor-element-987947d elementor-widget elementor-widget-heading\" data-id=\"987947d\" data-element_type=\"widget\" data-e-type=\"widget\" data-widget_type=\"heading.default\">\n\t\t\t\t<div class=\"elementor-widget-container\">\n\t\t\t\t\t<h2 class=\"elementor-heading-title elementor-size-default\">sEMINAIRES &amp; EVENTS<\/h2>\t\t\t\t<\/div>\n\t\t\t\t<\/div>\n\t\t\t\t\t<\/div>\n\t\t<\/div>\n\t\t\t\t\t<\/div>\n\t\t<\/section>\n\t\t\t\t<section data-particle_enable=\"false\" data-particle-mobile-disabled=\"false\" class=\"elementor-section elementor-top-section elementor-element elementor-element-e4c78f3 elementor-section-boxed elementor-section-height-default elementor-section-height-default\" data-id=\"e4c78f3\" data-element_type=\"section\" data-e-type=\"section\">\n\t\t\t\t\t\t<div class=\"elementor-container elementor-column-gap-default\">\n\t\t\t\t\t<div class=\"elementor-column elementor-col-100 elementor-top-column elementor-element elementor-element-d6ae955\" data-id=\"d6ae955\" data-element_type=\"column\" data-e-type=\"column\">\n\t\t\t<div class=\"elementor-widget-wrap elementor-element-populated\">\n\t\t\t\t\t\t<div class=\"elementor-element elementor-element-18ea619 elementor-widget elementor-widget-image\" data-id=\"18ea619\" data-element_type=\"widget\" data-e-type=\"widget\" data-widget_type=\"image.default\">\n\t\t\t\t<div class=\"elementor-widget-container\">\n\t\t\t\t\t\t\t\t\t\t\t\t\t\t\t<img decoding=\"async\" src=\"https:\/\/jetski-frejus.com\/wp-content\/uploads\/elementor\/thumbs\/106044415_3192507000769507_1515496998851468014_n-q7iixe0z6r582ffam2obvcnl3n54wllkv1r88ktils.jpg\" title=\"106044415_3192507000769507_1515496998851468014_n\" alt=\"106044415_3192507000769507_1515496998851468014_n\" loading=\"lazy\" \/>\t\t\t\t\t\t\t\t\t\t\t\t\t\t\t<\/div>\n\t\t\t\t<\/div>\n\t\t\t\t<div class=\"elementor-element elementor-element-4f0b809 elementor-widget elementor-widget-text-editor\" data-id=\"4f0b809\" data-element_type=\"widget\" data-e-type=\"widget\" data-widget_type=\"text-editor.default\">\n\t\t\t\t<div class=\"elementor-widget-container\">\n\t\t\t\t\t\t\t\t\t<p>Un s\u00e9minaire ou un \u00e9v\u00e8nement \u00e0 organiser ? Venez chez Jet Fun Evasion et repartez avec des souvenirs plein la t\u00eate. Nous organisons depuis presque 10 ans des s\u00e9minaires, activit\u00e9s de coh\u00e9sion, des enterrements de vie de jeunes filles, des anniversaires&#8230; Toute l&rsquo;\u00e9quipe de Jet Fun Evasion met son \u00e9nergie et savoir-faire \u00e0 votre service pour r\u00e9aliser votre demande.&nbsp;<\/p>\n<p>Vous souhaitez organiser une randonn\u00e9e jet ski avec petit-d\u00e9jeuner pour vos collaborateurs, vos clients, vos prospects ou vos amis? Ou simplement d\u00e9couvrir l&rsquo;Est\u00e9rel pendant 1h30 ? Vous avez une id\u00e9e particuli\u00e8re et vous souhaitez surprendre votre \u00e9quipe ? N&rsquo;h\u00e9sitez pas et contacter Jet Fun Evasion pour une activit\u00e9 dynamique, originale et conviviale !<\/p>\n<p>Dirigeants, comit\u00e9s d&rsquo;entreprises, clubs sportifs etc. Contactez-nous pour une animation lors de votre s\u00e9minaire ou r\u00e9union de travail. Vos \u00e9quipes et vos employ\u00e9s m\u00e9ritent un moment de partage. Quoi de mieux que de cr\u00e9er des souvenirs, de leur faire vivre des moments exceptionnels et de leur donner le sourire. Jet Fun Evasion participera \u00e0 la r\u00e9ussite de votre s\u00e9minaire ou activit\u00e9 de coh\u00e9sion.&nbsp;<\/p><p>Pour votre facilit\u00e9 et confort, nous pouvons \u00e9galement vous proposer de la restauration sur place. Nous sommes \u00e0 deux pas de la magnifique plage de la Galiote, juste devant le port de Saint-Aygulf et en face de l&rsquo;h\u00f4tel Van der Valk Saint-Aygulf. Nos partenaires, Le San Remo, La Galiote, L&rsquo;Iceberg&#8230; tous des restaurants de qualit\u00e9 qui vous proposent des cuisines diff\u00e9rentes et qui seront heureux de vous recevoir dans ce cadre magnifique. L&rsquo;h\u00f4tel Van der Valk, \u00e9quip\u00e9 des salles de s\u00e9minaires, peut vous accueillir pour toutes vos r\u00e9unions et \u00e9v\u00e8nements. Nous avons \u00e9galement des contrats de part\u00e9nariats avec des campings 4 et 5 \u00e9toiles pour pouvoir r\u00e9pondre \u00e0 tous vos besoins.&nbsp;<\/p><p>D\u00e9butant ou confirm\u00e9, notre \u00e9quipe professionnelle et passionn\u00e9e saura s&rsquo;adapter \u00e0 vos attentes. Notre \u00e9quipe, uniquement compos\u00e9e des moniteurs dipl\u00f4m\u00e9s d&rsquo;\u00e9tat, est l\u00e0 pour vous faire passer un bon moment tout en supervisant les activit\u00e9s. Si vous n&rsquo;aimez pas le jet ski, Jet fun Evasion vous propose \u00e9galement d&rsquo;autres activit\u00e9s fun et plein de sensations comme les engins tract\u00e9s, les paddles, Flyboard, parachute ascensionnel&#8230; Ou que pensez-vous d&rsquo;un bapt\u00eame de plong\u00e9e? Et pour ceux qui pr\u00e9f\u00e8rent la d\u00e9tente, ils profiteront de la plage de sable fin de Saint-Aygulf, des baignades ou d\u00e9couvriront les commerces et les march\u00e9s hebdomadaires&#8230; Et le soir, au rythme de la nuit, partagez un ap\u00e9ro dinatoire \u00e0 la Galiote, organisez une soir\u00e9e bi\u00e8re au My Beers \u00e0 Roquebrune-sur-Argens ou sortez au Ba\u00efa (restaurant-bar-rooftop-discoth\u00e8que) pour danser toute la nuit.&nbsp;<\/p>\n<p><\/p>\n<p>Ces entreprises nous ont d\u00e9j\u00e0 fait confiance en 2022 &#8211; 2023 et nous les remercions vivement:&nbsp;<\/p>\n<p>Boulanger &#8211; Leroy Merlin &#8211; Temsol &#8211; Vendez votre maison &#8211; CE Mairie de Draguignan &#8211; AD Concept (logos en attente)<\/p>\t\t\t\t\t\t\t\t<\/div>\n\t\t\t\t<\/div>\n\t\t\t\t\t<\/div>\n\t\t<\/div>\n\t\t\t\t\t<\/div>\n\t\t<\/section>\n\t\t\t\t<\/div>\n\t\t","protected":false},"excerpt":{"rendered":"<p>sEMINAIRES &amp; EVENTS Un s\u00e9minaire ou un \u00e9v\u00e8nement \u00e0 organiser ? Venez chez Jet Fun Evasion et repartez avec des souvenirs plein la t\u00eate. Nous organisons depuis presque 10 ans des s\u00e9minaires, activit\u00e9s de coh\u00e9sion, des enterrements de vie de jeunes filles, des anniversaires&#8230; Toute l&rsquo;\u00e9quipe de Jet Fun Evasion met son \u00e9nergie et savoir-faire [&hellip;]<\/p>\n","protected":false},"author":6,"featured_media":0,"parent":0,"menu_order":0,"comment_status":"closed","ping_status":"open","template":"","meta":{"site-sidebar-layout":"no-sidebar","site-content-layout":"page-builder","ast-site-content-layout":"default","site-content-style":"default","site-sidebar-style":"default","ast-global-header-display":"","ast-banner-title-visibility":"","ast-main-header-display":"","ast-hfb-above-header-display":"","ast-hfb-below-header-display":"","ast-hfb-mobile-header-display":"","site-post-title":"disabled","ast-breadcrumbs-content":"","ast-featured-img":"disabled","footer-sml-layout":"","ast-disable-related-posts":"","theme-transparent-header-meta":"","adv-header-id-meta":"","stick-header-meta":"","header-above-stick-meta":"","header-main-stick-meta":"","header-below-stick-meta":"","astra-migrate-meta-layouts":"default","ast-page-background-enabled":"default","ast-page-background-meta":{"desktop":{"background-color":"","background-image":"","background-repeat":"repeat","background-position":"center center","background-size":"auto","background-attachment":"scroll","background-type":"","background-media":"","overlay-type":"","overlay-color":"","overlay-opacity":"","overlay-gradient":""},"tablet":{"background-color":"","background-image":"","background-repeat":"repeat","background-position":"center center","background-size":"auto","background-attachment":"scroll","background-type":"","background-media":"","overlay-type":"","overlay-color":"","overlay-opacity":"","overlay-gradient":""},"mobile":{"background-color":"","background-image":"","background-repeat":"repeat","background-position":"center center","background-size":"auto","background-attachment":"scroll","background-type":"","background-media":"","overlay-type":"","overlay-color":"","overlay-opacity":"","overlay-gradient":""}},"ast-content-background-meta":{"desktop":{"background-color":"var(--ast-global-color-5)","background-image":"","background-repeat":"repeat","background-position":"center center","background-size":"auto","background-attachment":"scroll","background-type":"","background-media":"","overlay-type":"","overlay-color":"","overlay-opacity":"","overlay-gradient":""},"tablet":{"background-color":"var(--ast-global-color-5)","background-image":"","background-repeat":"repeat","background-position":"center center","background-size":"auto","background-attachment":"scroll","background-type":"","background-media":"","overlay-type":"","overlay-color":"","overlay-opacity":"","overlay-gradient":""},"mobile":{"background-color":"var(--ast-global-color-5)","background-image":"","background-repeat":"repeat","background-position":"center center","background-size":"auto","background-attachment":"scroll","background-type":"","background-media":"","overlay-type":"","overlay-color":"","overlay-opacity":"","overlay-gradient":""}},"footnotes":""},"class_list":["post-1382","page","type-page","status-publish","hentry"],"_links":{"self":[{"href":"https:\/\/jetski-frejus.com\/fr\/wp-json\/wp\/v2\/pages\/1382","targetHints":{"allow":["GET"]}}],"collection":[{"href":"https:\/\/jetski-frejus.com\/fr\/wp-json\/wp\/v2\/pages"}],"about":[{"href":"https:\/\/jetski-frejus.com\/fr\/wp-json\/wp\/v2\/types\/page"}],"author":[{"embeddable":true,"href":"https:\/\/jetski-frejus.com\/fr\/wp-json\/wp\/v2\/users\/6"}],"replies":[{"embeddable":true,"href":"https:\/\/jetski-frejus.com\/fr\/wp-json\/wp\/v2\/comments?post=1382"}],"version-history":[{"count":11,"href":"https:\/\/jetski-frejus.com\/fr\/wp-json\/wp\/v2\/pages\/1382\/revisions"}],"predecessor-version":[{"id":1652,"href":"https:\/\/jetski-frejus.com\/fr\/wp-json\/wp\/v2\/pages\/1382\/revisions\/1652"}],"wp:attachment":[{"href":"https:\/\/jetski-frejus.com\/fr\/wp-json\/wp\/v2\/media?parent=1382"}],"curies":[{"name":"wp","href":"https:\/\/api.w.org\/{rel}","templated":true}]}}