{"id":1416,"date":"2023-06-05T15:33:44","date_gmt":"2023-06-05T15:33:44","guid":{"rendered":"https:\/\/jetski-frejus.com\/?page_id=1416"},"modified":"2023-06-08T14:04:15","modified_gmt":"2023-06-08T14:04:15","slug":"randonnees-jet-ski","status":"publish","type":"page","link":"https:\/\/jetski-frejus.com\/fr\/randonnees-jet-ski\/","title":{"rendered":"RANDONNEES JET SKI \u00e0 Fr\u00e9jus et Saint-Rapha\u00ebl"},"content":{"rendered":"\t\t<div data-elementor-type=\"wp-page\" data-elementor-id=\"1416\" class=\"elementor elementor-1416\" data-elementor-post-type=\"page\">\n\t\t\t\t\t\t<section data-particle_enable=\"false\" data-particle-mobile-disabled=\"false\" class=\"elementor-section elementor-top-section elementor-element elementor-element-eb46abe elementor-section-boxed elementor-section-height-default elementor-section-height-default\" data-id=\"eb46abe\" data-element_type=\"section\" data-e-type=\"section\">\n\t\t\t\t\t\t<div class=\"elementor-container elementor-column-gap-default\">\n\t\t\t\t\t<div class=\"elementor-column elementor-col-100 elementor-top-column elementor-element elementor-element-b42f2a2\" data-id=\"b42f2a2\" data-element_type=\"column\" data-e-type=\"column\">\n\t\t\t<div class=\"elementor-widget-wrap elementor-element-populated\">\n\t\t\t\t\t\t<div class=\"elementor-element elementor-element-04f346a elementor-widget elementor-widget-heading\" data-id=\"04f346a\" data-element_type=\"widget\" data-e-type=\"widget\" data-widget_type=\"heading.default\">\n\t\t\t\t<div class=\"elementor-widget-container\">\n\t\t\t\t\t<h2 class=\"elementor-heading-title elementor-size-default\">RANDONNEES JET SKI<\/h2>\t\t\t\t<\/div>\n\t\t\t\t<\/div>\n\t\t\t\t\t<\/div>\n\t\t<\/div>\n\t\t\t\t\t<\/div>\n\t\t<\/section>\n\t\t\t\t<section data-particle_enable=\"false\" data-particle-mobile-disabled=\"false\" class=\"elementor-section elementor-top-section elementor-element elementor-element-oso9l3m elementor-section-content-middle elementor-section-boxed elementor-section-height-default elementor-section-height-default\" data-id=\"oso9l3m\" data-element_type=\"section\" data-e-type=\"section\" data-settings=\"{&quot;background_background&quot;:&quot;classic&quot;}\">\n\t\t\t\t\t\t\t<div class=\"elementor-background-overlay\"><\/div>\n\t\t\t\t\t\t\t<div class=\"elementor-container elementor-column-gap-no\">\n\t\t\t\t\t<div class=\"elementor-column elementor-col-50 elementor-top-column elementor-element elementor-element-05c2928\" data-id=\"05c2928\" data-element_type=\"column\" data-e-type=\"column\" data-settings=\"{&quot;background_background&quot;:&quot;classic&quot;}\">\n\t\t\t<div class=\"elementor-widget-wrap elementor-element-populated\">\n\t\t\t\t\t\t<div class=\"elementor-element elementor-element-85cbfc5 elementor-widget elementor-widget-image\" data-id=\"85cbfc5\" data-element_type=\"widget\" data-e-type=\"widget\" data-widget_type=\"image.default\">\n\t\t\t\t<div class=\"elementor-widget-container\">\n\t\t\t\t\t\t\t\t\t\t\t\t\t\t\t<img fetchpriority=\"high\" decoding=\"async\" width=\"2048\" height=\"1365\" src=\"https:\/\/jetski-frejus.com\/wp-content\/uploads\/2023\/06\/106931917_3219247754762098_63743447442410457_n.jpg\" class=\"attachment-full size-full wp-image-1358\" alt=\"\" srcset=\"https:\/\/jetski-frejus.com\/wp-content\/uploads\/2023\/06\/106931917_3219247754762098_63743447442410457_n.jpg 2048w, https:\/\/jetski-frejus.com\/wp-content\/uploads\/2023\/06\/106931917_3219247754762098_63743447442410457_n-300x200.jpg 300w, https:\/\/jetski-frejus.com\/wp-content\/uploads\/2023\/06\/106931917_3219247754762098_63743447442410457_n-1024x683.jpg 1024w, https:\/\/jetski-frejus.com\/wp-content\/uploads\/2023\/06\/106931917_3219247754762098_63743447442410457_n-768x512.jpg 768w, https:\/\/jetski-frejus.com\/wp-content\/uploads\/2023\/06\/106931917_3219247754762098_63743447442410457_n-1536x1024.jpg 1536w\" sizes=\"(max-width: 2048px) 100vw, 2048px\" title=\"\">\t\t\t\t\t\t\t\t\t\t\t\t\t\t\t<\/div>\n\t\t\t\t<\/div>\n\t\t\t\t<div class=\"elementor-element elementor-element-5d1179b elementor-widget elementor-widget-heading\" data-id=\"5d1179b\" data-element_type=\"widget\" data-e-type=\"widget\" data-widget_type=\"heading.default\">\n\t\t\t\t<div class=\"elementor-widget-container\">\n\t\t\t\t\t<h3 class=\"elementor-heading-title elementor-size-default\">RANDONNEE 1 : CAP CAMARAT - 4 heures \n<\/h3>\t\t\t\t<\/div>\n\t\t\t\t<\/div>\n\t\t\t\t<div class=\"elementor-element elementor-element-88781ca elementor-widget elementor-widget-text-editor\" data-id=\"88781ca\" data-element_type=\"widget\" data-e-type=\"widget\" data-widget_type=\"text-editor.default\">\n\t\t\t\t<div class=\"elementor-widget-container\">\n\t\t\t\t\t\t\t\t\t<p><span style=\"mso-spacerun: 'yes'; font-family: Calibri; mso-bidi-font-family: 'Times New Roman'; font-size: 11,0000pt; mso-font-kerning: 1,0000pt;\">Au d\u00e9part du port de Saint-Aygulf, naviguez en direction de Saint-Tropez et faites une pause en face de son port historique, avant de vous d\u00e9tendre avec un petit-d\u00e9jeuner au bord de l\u2019eau \u00e0 Grimaud plage. Repartez explorer la baie de Cogolin et, si le temps le permet, aventurez-vous jusqu\u2019au Cap Camarat. Des pauses d\u00e9couvertes et baignades vous permettront de vous relaxer et de profiter du paysage que vous offre la c\u00f4te varoise.<\/span><\/p><p>\u00a0<\/p><p><span style=\"mso-spacerun: 'yes'; font-family: Calibri; mso-bidi-font-family: 'Times New Roman'; font-size: 11,0000pt; mso-font-kerning: 1,0000pt;\"><strong>230\u20ac (sans permis)<\/strong><br \/><\/span><\/p><p><span style=\"mso-spacerun: 'yes'; font-family: Calibri; mso-bidi-font-family: 'Times New Roman'; font-size: 11,0000pt; mso-font-kerning: 1,0000pt;\">\u00a0&#8211; Uniquement le matin &#8211; rendez-vous \u00e0 8h15\u00a0<br \/><\/span><span style=\"font-family: Calibri; font-style: inherit; font-weight: inherit; color: var(--ast-global-color-3);\">\u00a0&#8211; Petit d\u00e9jeuner inclus\u00a0<br \/><\/span><span style=\"mso-spacerun: 'yes'; font-family: Calibri; mso-bidi-font-family: 'Times New Roman'; font-size: 11,0000pt; mso-font-kerning: 1,0000pt;\">\u00a0&#8211; Prix pour 1 personne &#8211; suppl\u00e9ment de 10\u20ac pour l&rsquo;accompagnateur<br \/>\u00a0&#8211; A partir de 16 ans en conducteur et 12 ans en accompagnateur (ou 1m20)<\/span><\/p>\t\t\t\t\t\t\t\t<\/div>\n\t\t\t\t<\/div>\n\t\t\t\t<div class=\"elementor-element elementor-element-5b404d1 elementor-widget elementor-widget-button\" data-id=\"5b404d1\" data-element_type=\"widget\" data-e-type=\"widget\" data-widget_type=\"button.default\">\n\t\t\t\t<div class=\"elementor-widget-container\">\n\t\t\t\t\t\t\t\t\t<div class=\"elementor-button-wrapper\">\n\t\t\t\t\t<a class=\"elementor-button elementor-button-link elementor-size-sm\" href=\"#\">\n\t\t\t\t\t\t<span class=\"elementor-button-content-wrapper\">\n\t\t\t\t\t\t\t\t\t<span class=\"elementor-button-text\">R\u00e9servez<\/span>\n\t\t\t\t\t<\/span>\n\t\t\t\t\t<\/a>\n\t\t\t\t<\/div>\n\t\t\t\t\t\t\t\t<\/div>\n\t\t\t\t<\/div>\n\t\t\t\t<div class=\"elementor-element elementor-element-482b3d3 elementor-widget elementor-widget-button\" data-id=\"482b3d3\" data-element_type=\"widget\" data-e-type=\"widget\" data-widget_type=\"button.default\">\n\t\t\t\t<div class=\"elementor-widget-container\">\n\t\t\t\t\t\t\t\t\t<div class=\"elementor-button-wrapper\">\n\t\t\t\t\t<a class=\"elementor-button elementor-button-link elementor-size-sm\" href=\"#\">\n\t\t\t\t\t\t<span class=\"elementor-button-content-wrapper\">\n\t\t\t\t\t\t\t\t\t<span class=\"elementor-button-text\">Tarifs jet ski avec permis<\/span>\n\t\t\t\t\t<\/span>\n\t\t\t\t\t<\/a>\n\t\t\t\t<\/div>\n\t\t\t\t\t\t\t\t<\/div>\n\t\t\t\t<\/div>\n\t\t\t\t\t<\/div>\n\t\t<\/div>\n\t\t\t\t<div class=\"elementor-column elementor-col-50 elementor-top-column elementor-element elementor-element-31c4cbc\" data-id=\"31c4cbc\" data-element_type=\"column\" data-e-type=\"column\">\n\t\t\t<div class=\"elementor-widget-wrap elementor-element-populated\">\n\t\t\t\t\t\t<div class=\"elementor-element elementor-element-5ca7fe6 elementor-widget elementor-widget-image\" data-id=\"5ca7fe6\" data-element_type=\"widget\" data-e-type=\"widget\" data-widget_type=\"image.default\">\n\t\t\t\t<div class=\"elementor-widget-container\">\n\t\t\t\t\t\t\t\t\t\t\t\t\t\t\t<img decoding=\"async\" width=\"1500\" height=\"1125\" src=\"https:\/\/jetski-frejus.com\/wp-content\/uploads\/2023\/06\/IMG_20230525_171156_944.jpg\" class=\"attachment-full size-full wp-image-1442\" alt=\"\" srcset=\"https:\/\/jetski-frejus.com\/wp-content\/uploads\/2023\/06\/IMG_20230525_171156_944.jpg 1500w, https:\/\/jetski-frejus.com\/wp-content\/uploads\/2023\/06\/IMG_20230525_171156_944-300x225.jpg 300w, https:\/\/jetski-frejus.com\/wp-content\/uploads\/2023\/06\/IMG_20230525_171156_944-1024x768.jpg 1024w, https:\/\/jetski-frejus.com\/wp-content\/uploads\/2023\/06\/IMG_20230525_171156_944-768x576.jpg 768w\" sizes=\"(max-width: 1500px) 100vw, 1500px\" title=\"\">\t\t\t\t\t\t\t\t\t\t\t\t\t\t\t<\/div>\n\t\t\t\t<\/div>\n\t\t\t\t<div class=\"elementor-element elementor-element-ea3f810 elementor-widget elementor-widget-heading\" data-id=\"ea3f810\" data-element_type=\"widget\" data-e-type=\"widget\" data-widget_type=\"heading.default\">\n\t\t\t\t<div class=\"elementor-widget-container\">\n\t\t\t\t\t<h3 class=\"elementor-heading-title elementor-size-default\">RANDONNEE 2 : BAIE DE CANNES - 4 heures\n<\/h3>\t\t\t\t<\/div>\n\t\t\t\t<\/div>\n\t\t\t\t<div class=\"elementor-element elementor-element-dd399ed elementor-widget elementor-widget-text-editor\" data-id=\"dd399ed\" data-element_type=\"widget\" data-e-type=\"widget\" data-widget_type=\"text-editor.default\">\n\t\t\t\t<div class=\"elementor-widget-container\">\n\t\t\t\t\t\t\t\t\t<p><span style=\"font-family: Calibri;\">Au d\u00e9part du port de Saint-Aygulf, visitez la baie de Fr\u00e9jus et l\u2019\u00cele d\u2019or, puis naviguez jusqu\u2019au pied des magnifiques roches rouges de l\u2019Est\u00e9rel. Longez le littoral escarp\u00e9 de la c\u00f4te d\u2019azur avec vue sur ses exceptionnelles criques cach\u00e9es. Pour finir d\u00e9tendez-vous au port de la Figueirette avec un bon petit d\u00e9jeuner sous le soleil du midi. Des pauses d\u00e9couvertes et baignades vous permettront de vous relaxer et de profiter du paysage que vous offre la c\u00f4te varoise.<\/span><\/p><p style=\"font-size: 16px; font-style: normal; font-weight: 400;\"><span style=\"font-family: Calibri;\"><span style=\"font-weight: bold;\">230\u20ac (sans permis)<\/span><br \/><\/span><\/p><p style=\"font-size: 16px; font-style: normal; font-weight: 400;\"><span style=\"font-family: Calibri;\">\u00a0&#8211; Uniquement le matin &#8211; rendez-vous \u00e0 8h15\u00a0<br \/><\/span><span style=\"font-family: Calibri; font-style: inherit; font-weight: inherit; color: var(--ast-global-color-3);\">\u00a0&#8211; Petit d\u00e9jeuner inclus\u00a0<br \/><\/span><span style=\"font-family: Calibri;\">\u00a0&#8211; Prix pour 1 personne &#8211; suppl\u00e9ment de 10\u20ac pour l&rsquo;accompagnateur<br \/><\/span><span style=\"font-family: Calibri;\">\u00a0&#8211; A partir de 16 ans en conducteur et 12 ans en accompagnateur (ou 1m20)<\/span><span style=\"font-family: Calibri;\"><br \/><\/span><\/p>\t\t\t\t\t\t\t\t<\/div>\n\t\t\t\t<\/div>\n\t\t\t\t<div class=\"elementor-element elementor-element-3b2a941 elementor-widget elementor-widget-button\" data-id=\"3b2a941\" data-element_type=\"widget\" data-e-type=\"widget\" data-widget_type=\"button.default\">\n\t\t\t\t<div class=\"elementor-widget-container\">\n\t\t\t\t\t\t\t\t\t<div class=\"elementor-button-wrapper\">\n\t\t\t\t\t<a class=\"elementor-button elementor-button-link elementor-size-sm\" href=\"#\">\n\t\t\t\t\t\t<span class=\"elementor-button-content-wrapper\">\n\t\t\t\t\t\t\t\t\t<span class=\"elementor-button-text\">R\u00e9servez<\/span>\n\t\t\t\t\t<\/span>\n\t\t\t\t\t<\/a>\n\t\t\t\t<\/div>\n\t\t\t\t\t\t\t\t<\/div>\n\t\t\t\t<\/div>\n\t\t\t\t<div class=\"elementor-element elementor-element-61626f0 elementor-widget elementor-widget-button\" data-id=\"61626f0\" data-element_type=\"widget\" data-e-type=\"widget\" data-widget_type=\"button.default\">\n\t\t\t\t<div class=\"elementor-widget-container\">\n\t\t\t\t\t\t\t\t\t<div class=\"elementor-button-wrapper\">\n\t\t\t\t\t<a class=\"elementor-button elementor-button-link elementor-size-sm\" href=\"#\">\n\t\t\t\t\t\t<span class=\"elementor-button-content-wrapper\">\n\t\t\t\t\t\t\t\t\t<span class=\"elementor-button-text\">Tarifs jet ski avec permis<\/span>\n\t\t\t\t\t<\/span>\n\t\t\t\t\t<\/a>\n\t\t\t\t<\/div>\n\t\t\t\t\t\t\t\t<\/div>\n\t\t\t\t<\/div>\n\t\t\t\t\t<\/div>\n\t\t<\/div>\n\t\t\t\t\t<\/div>\n\t\t<\/section>\n\t\t\t\t<section data-particle_enable=\"false\" data-particle-mobile-disabled=\"false\" class=\"elementor-section elementor-top-section elementor-element elementor-element-uyuyr2y elementor-section-content-middle elementor-section-boxed elementor-section-height-default elementor-section-height-default\" data-id=\"uyuyr2y\" data-element_type=\"section\" data-e-type=\"section\" data-settings=\"{&quot;background_background&quot;:&quot;classic&quot;}\">\n\t\t\t\t\t\t\t<div class=\"elementor-background-overlay\"><\/div>\n\t\t\t\t\t\t\t<div class=\"elementor-container elementor-column-gap-no\">\n\t\t\t\t\t<div class=\"elementor-column elementor-col-50 elementor-top-column elementor-element elementor-element-05c2928\" data-id=\"05c2928\" data-element_type=\"column\" data-e-type=\"column\" data-settings=\"{&quot;background_background&quot;:&quot;classic&quot;}\">\n\t\t\t<div class=\"elementor-widget-wrap elementor-element-populated\">\n\t\t\t\t\t\t<div class=\"elementor-element elementor-element-85cbfc5 elementor-widget elementor-widget-image\" data-id=\"85cbfc5\" data-element_type=\"widget\" data-e-type=\"widget\" data-widget_type=\"image.default\">\n\t\t\t\t<div class=\"elementor-widget-container\">\n\t\t\t\t\t\t\t\t\t\t\t\t\t\t\t<img decoding=\"async\" width=\"2048\" height=\"1536\" src=\"https:\/\/jetski-frejus.com\/wp-content\/uploads\/2023\/06\/IMG-20220705-WA0005.jpg\" class=\"attachment-full size-full wp-image-1445\" alt=\"\" srcset=\"https:\/\/jetski-frejus.com\/wp-content\/uploads\/2023\/06\/IMG-20220705-WA0005.jpg 2048w, https:\/\/jetski-frejus.com\/wp-content\/uploads\/2023\/06\/IMG-20220705-WA0005-300x225.jpg 300w, https:\/\/jetski-frejus.com\/wp-content\/uploads\/2023\/06\/IMG-20220705-WA0005-1024x768.jpg 1024w, https:\/\/jetski-frejus.com\/wp-content\/uploads\/2023\/06\/IMG-20220705-WA0005-768x576.jpg 768w, https:\/\/jetski-frejus.com\/wp-content\/uploads\/2023\/06\/IMG-20220705-WA0005-1536x1152.jpg 1536w\" sizes=\"(max-width: 2048px) 100vw, 2048px\" title=\"\">\t\t\t\t\t\t\t\t\t\t\t\t\t\t\t<\/div>\n\t\t\t\t<\/div>\n\t\t\t\t<div class=\"elementor-element elementor-element-5d1179b elementor-widget elementor-widget-heading\" data-id=\"5d1179b\" data-element_type=\"widget\" data-e-type=\"widget\" data-widget_type=\"heading.default\">\n\t\t\t\t<div class=\"elementor-widget-container\">\n\t\t\t\t\t<h3 class=\"elementor-heading-title elementor-size-default\">RANDONNEE 3 : L\u2019ESTEREL - 1h30<\/h3>\t\t\t\t<\/div>\n\t\t\t\t<\/div>\n\t\t\t\t<div class=\"elementor-element elementor-element-88781ca elementor-widget elementor-widget-text-editor\" data-id=\"88781ca\" data-element_type=\"widget\" data-e-type=\"widget\" data-widget_type=\"text-editor.default\">\n\t\t\t\t<div class=\"elementor-widget-container\">\n\t\t\t\t\t\t\t\t\t<p><span style=\"mso-spacerun: 'yes'; font-family: Calibri; mso-bidi-font-family: 'Times New Roman'; font-size: 11,0000pt; mso-font-kerning: 1,0000pt;\">Au d\u00e9part du port de Saint-Aygulf, visitez la baie de Fr\u00e9jus et l\u2019\u00cele d\u2019or, puis naviguez jusqu\u2019au magnifique viaduc d\u2019Anth\u00e9or, au pied des roches rouges de l\u2019Est\u00e9rel. Des pauses d\u00e9couvertes et baignades vous permettront de vous relaxer et de profiter du paysage que vous offre la c\u00f4te varoise.<\/span><\/p><p><span style=\"mso-spacerun: 'yes'; font-family: Calibri; mso-bidi-font-family: 'Times New Roman'; font-size: 11,0000pt; mso-font-kerning: 1,0000pt;\">\u00a0<\/span><\/p><p style=\"font-size: 16px; font-style: normal; font-weight: 400;\"><span style=\"font-family: Calibri;\"><span style=\"font-weight: bold;\">160\u20ac (sans permis)<\/span><br \/><\/span><\/p><p style=\"font-size: 16px; font-style: normal; font-weight: 400;\"><span style=\"font-family: Calibri;\">\u00a0&#8211; Possible toute la journ\u00e9e<\/span><span style=\"font-family: Calibri; font-style: inherit; font-weight: inherit; color: var(--ast-global-color-3);\"><br \/><\/span><span style=\"font-family: Calibri;\">\u00a0&#8211; Prix par jet ski (pour 1 ou 2 personnes)<br \/><\/span><span style=\"font-family: Calibri;\">\u00a0&#8211; A partir de 16 ans en conducteur et 12 ans en accompagnateur (ou 1m20)<\/span><span style=\"font-family: Calibri;\"><br \/><\/span><\/p>\t\t\t\t\t\t\t\t<\/div>\n\t\t\t\t<\/div>\n\t\t\t\t<div class=\"elementor-element elementor-element-5b404d1 elementor-widget elementor-widget-button\" data-id=\"5b404d1\" data-element_type=\"widget\" data-e-type=\"widget\" data-widget_type=\"button.default\">\n\t\t\t\t<div class=\"elementor-widget-container\">\n\t\t\t\t\t\t\t\t\t<div class=\"elementor-button-wrapper\">\n\t\t\t\t\t<a class=\"elementor-button elementor-button-link elementor-size-sm\" href=\"#\">\n\t\t\t\t\t\t<span class=\"elementor-button-content-wrapper\">\n\t\t\t\t\t\t\t\t\t<span class=\"elementor-button-text\">R\u00e9servez<\/span>\n\t\t\t\t\t<\/span>\n\t\t\t\t\t<\/a>\n\t\t\t\t<\/div>\n\t\t\t\t\t\t\t\t<\/div>\n\t\t\t\t<\/div>\n\t\t\t\t<div class=\"elementor-element elementor-element-3ea8e39 elementor-widget elementor-widget-button\" data-id=\"3ea8e39\" data-element_type=\"widget\" data-e-type=\"widget\" data-widget_type=\"button.default\">\n\t\t\t\t<div class=\"elementor-widget-container\">\n\t\t\t\t\t\t\t\t\t<div class=\"elementor-button-wrapper\">\n\t\t\t\t\t<a class=\"elementor-button elementor-button-link elementor-size-sm\" href=\"#\">\n\t\t\t\t\t\t<span class=\"elementor-button-content-wrapper\">\n\t\t\t\t\t\t\t\t\t<span class=\"elementor-button-text\">Tarifs jet ski avec permis<\/span>\n\t\t\t\t\t<\/span>\n\t\t\t\t\t<\/a>\n\t\t\t\t<\/div>\n\t\t\t\t\t\t\t\t<\/div>\n\t\t\t\t<\/div>\n\t\t\t\t\t<\/div>\n\t\t<\/div>\n\t\t\t\t<div class=\"elementor-column elementor-col-50 elementor-top-column elementor-element elementor-element-31c4cbc\" data-id=\"31c4cbc\" data-element_type=\"column\" data-e-type=\"column\">\n\t\t\t<div class=\"elementor-widget-wrap elementor-element-populated\">\n\t\t\t\t\t\t<div class=\"elementor-element elementor-element-5ca7fe6 elementor-widget elementor-widget-image\" data-id=\"5ca7fe6\" data-element_type=\"widget\" data-e-type=\"widget\" data-widget_type=\"image.default\">\n\t\t\t\t<div class=\"elementor-widget-container\">\n\t\t\t\t\t\t\t\t\t\t\t\t\t\t\t<img loading=\"lazy\" decoding=\"async\" width=\"2048\" height=\"1536\" src=\"https:\/\/jetski-frejus.com\/wp-content\/uploads\/2023\/06\/IMG-20220710-WA0000.jpg\" class=\"attachment-full size-full wp-image-1446\" alt=\"\" srcset=\"https:\/\/jetski-frejus.com\/wp-content\/uploads\/2023\/06\/IMG-20220710-WA0000.jpg 2048w, https:\/\/jetski-frejus.com\/wp-content\/uploads\/2023\/06\/IMG-20220710-WA0000-300x225.jpg 300w, https:\/\/jetski-frejus.com\/wp-content\/uploads\/2023\/06\/IMG-20220710-WA0000-1024x768.jpg 1024w, https:\/\/jetski-frejus.com\/wp-content\/uploads\/2023\/06\/IMG-20220710-WA0000-768x576.jpg 768w, https:\/\/jetski-frejus.com\/wp-content\/uploads\/2023\/06\/IMG-20220710-WA0000-1536x1152.jpg 1536w\" sizes=\"(max-width: 2048px) 100vw, 2048px\" title=\"\">\t\t\t\t\t\t\t\t\t\t\t\t\t\t\t<\/div>\n\t\t\t\t<\/div>\n\t\t\t\t<div class=\"elementor-element elementor-element-ea3f810 elementor-widget elementor-widget-heading\" data-id=\"ea3f810\" data-element_type=\"widget\" data-e-type=\"widget\" data-widget_type=\"heading.default\">\n\t\t\t\t<div class=\"elementor-widget-container\">\n\t\t\t\t\t<h3 class=\"elementor-heading-title elementor-size-default\">RANDONNEE 4 : L'ILE D'OR - 1h<\/h3>\t\t\t\t<\/div>\n\t\t\t\t<\/div>\n\t\t\t\t<div class=\"elementor-element elementor-element-dd399ed elementor-widget elementor-widget-text-editor\" data-id=\"dd399ed\" data-element_type=\"widget\" data-e-type=\"widget\" data-widget_type=\"text-editor.default\">\n\t\t\t\t<div class=\"elementor-widget-container\">\n\t\t\t\t\t\t\t\t\t<p><span style=\"font-family: Calibri;\">Au d\u00e9part du Port de Saint-Aygulf, visitez la baie de Fr\u00e9jus et naviguez jusqu\u2019\u00e0 l\u2019\u00cele d\u2019or, l\u2019un des soixante plus beaux sites de France (\u00e9galement appel\u00e9 l&rsquo;Ile de Tintin), au pied du majestueux massif du Dramont. Des pauses d\u00e9couvertes et baignades vous permettront de vous relaxer et de profiter du paysage que vous offre la c\u00f4te varoise.<\/span><\/p><p style=\"font-size: 16px; font-style: normal; font-weight: 400;\"><span style=\"font-family: Calibri;\"><span style=\"font-weight: bold;\">130\u20ac (sans permis)<\/span><br \/><\/span><\/p><p style=\"font-size: 16px; font-style: normal; font-weight: 400;\"><span style=\"font-family: Calibri;\">\u00a0&#8211; Possible toute la journ\u00e9e<\/span><span style=\"font-family: Calibri; font-style: inherit; font-weight: inherit; color: var(--ast-global-color-3);\"><br \/><\/span><span style=\"font-family: Calibri;\">\u00a0&#8211; Prix par jet ski (pour 1 ou 2 personnes)<br \/><\/span><span style=\"font-family: Calibri;\">\u00a0&#8211; A partir de 16 ans en conducteur et 12 ans en accompagnateur (ou 1m20)<\/span><span style=\"font-family: Calibri;\"><br \/><\/span><\/p>\t\t\t\t\t\t\t\t<\/div>\n\t\t\t\t<\/div>\n\t\t\t\t<div class=\"elementor-element elementor-element-3b2a941 elementor-widget elementor-widget-button\" data-id=\"3b2a941\" data-element_type=\"widget\" data-e-type=\"widget\" data-widget_type=\"button.default\">\n\t\t\t\t<div class=\"elementor-widget-container\">\n\t\t\t\t\t\t\t\t\t<div class=\"elementor-button-wrapper\">\n\t\t\t\t\t<a class=\"elementor-button elementor-button-link elementor-size-sm\" href=\"#\">\n\t\t\t\t\t\t<span class=\"elementor-button-content-wrapper\">\n\t\t\t\t\t\t\t\t\t<span class=\"elementor-button-text\">R\u00e9servez<\/span>\n\t\t\t\t\t<\/span>\n\t\t\t\t\t<\/a>\n\t\t\t\t<\/div>\n\t\t\t\t\t\t\t\t<\/div>\n\t\t\t\t<\/div>\n\t\t\t\t<div class=\"elementor-element elementor-element-878757f elementor-widget elementor-widget-button\" data-id=\"878757f\" data-element_type=\"widget\" data-e-type=\"widget\" data-widget_type=\"button.default\">\n\t\t\t\t<div class=\"elementor-widget-container\">\n\t\t\t\t\t\t\t\t\t<div class=\"elementor-button-wrapper\">\n\t\t\t\t\t<a class=\"elementor-button elementor-button-link elementor-size-sm\" href=\"#\">\n\t\t\t\t\t\t<span class=\"elementor-button-content-wrapper\">\n\t\t\t\t\t\t\t\t\t<span class=\"elementor-button-text\">Tarifs jet ski avec permis<\/span>\n\t\t\t\t\t<\/span>\n\t\t\t\t\t<\/a>\n\t\t\t\t<\/div>\n\t\t\t\t\t\t\t\t<\/div>\n\t\t\t\t<\/div>\n\t\t\t\t\t<\/div>\n\t\t<\/div>\n\t\t\t\t\t<\/div>\n\t\t<\/section>\n\t\t\t\t<\/div>\n\t\t","protected":false},"excerpt":{"rendered":"<p>RANDONNEES JET SKI RANDONNEE 1 : CAP CAMARAT &#8211; 4 heures Au d\u00e9part du port de Saint-Aygulf, naviguez en direction de Saint-Tropez et faites une pause en face de son port historique, avant de vous d\u00e9tendre avec un petit-d\u00e9jeuner au bord de l\u2019eau \u00e0 Grimaud plage. Repartez explorer la baie de Cogolin et, si le [&hellip;]<\/p>\n","protected":false},"author":6,"featured_media":0,"parent":0,"menu_order":0,"comment_status":"closed","ping_status":"open","template":"","meta":{"site-sidebar-layout":"no-sidebar","site-content-layout":"page-builder","ast-site-content-layout":"default","site-content-style":"default","site-sidebar-style":"default","ast-global-header-display":"","ast-banner-title-visibility":"","ast-main-header-display":"","ast-hfb-above-header-display":"","ast-hfb-below-header-display":"","ast-hfb-mobile-header-display":"","site-post-title":"disabled","ast-breadcrumbs-content":"","ast-featured-img":"disabled","footer-sml-layout":"","ast-disable-related-posts":"","theme-transparent-header-meta":"","adv-header-id-meta":"","stick-header-meta":"","header-above-stick-meta":"","header-main-stick-meta":"","header-below-stick-meta":"","astra-migrate-meta-layouts":"default","ast-page-background-enabled":"default","ast-page-background-meta":{"desktop":{"background-color":"","background-image":"","background-repeat":"repeat","background-position":"center center","background-size":"auto","background-attachment":"scroll","background-type":"","background-media":"","overlay-type":"","overlay-color":"","overlay-opacity":"","overlay-gradient":""},"tablet":{"background-color":"","background-image":"","background-repeat":"repeat","background-position":"center center","background-size":"auto","background-attachment":"scroll","background-type":"","background-media":"","overlay-type":"","overlay-color":"","overlay-opacity":"","overlay-gradient":""},"mobile":{"background-color":"","background-image":"","background-repeat":"repeat","background-position":"center center","background-size":"auto","background-attachment":"scroll","background-type":"","background-media":"","overlay-type":"","overlay-color":"","overlay-opacity":"","overlay-gradient":""}},"ast-content-background-meta":{"desktop":{"background-color":"var(--ast-global-color-5)","background-image":"","background-repeat":"repeat","background-position":"center center","background-size":"auto","background-attachment":"scroll","background-type":"","background-media":"","overlay-type":"","overlay-color":"","overlay-opacity":"","overlay-gradient":""},"tablet":{"background-color":"var(--ast-global-color-5)","background-image":"","background-repeat":"repeat","background-position":"center center","background-size":"auto","background-attachment":"scroll","background-type":"","background-media":"","overlay-type":"","overlay-color":"","overlay-opacity":"","overlay-gradient":""},"mobile":{"background-color":"var(--ast-global-color-5)","background-image":"","background-repeat":"repeat","background-position":"center center","background-size":"auto","background-attachment":"scroll","background-type":"","background-media":"","overlay-type":"","overlay-color":"","overlay-opacity":"","overlay-gradient":""}},"footnotes":""},"class_list":["post-1416","page","type-page","status-publish","hentry"],"_links":{"self":[{"href":"https:\/\/jetski-frejus.com\/fr\/wp-json\/wp\/v2\/pages\/1416","targetHints":{"allow":["GET"]}}],"collection":[{"href":"https:\/\/jetski-frejus.com\/fr\/wp-json\/wp\/v2\/pages"}],"about":[{"href":"https:\/\/jetski-frejus.com\/fr\/wp-json\/wp\/v2\/types\/page"}],"author":[{"embeddable":true,"href":"https:\/\/jetski-frejus.com\/fr\/wp-json\/wp\/v2\/users\/6"}],"replies":[{"embeddable":true,"href":"https:\/\/jetski-frejus.com\/fr\/wp-json\/wp\/v2\/comments?post=1416"}],"version-history":[{"count":14,"href":"https:\/\/jetski-frejus.com\/fr\/wp-json\/wp\/v2\/pages\/1416\/revisions"}],"predecessor-version":[{"id":1651,"href":"https:\/\/jetski-frejus.com\/fr\/wp-json\/wp\/v2\/pages\/1416\/revisions\/1651"}],"wp:attachment":[{"href":"https:\/\/jetski-frejus.com\/fr\/wp-json\/wp\/v2\/media?parent=1416"}],"curies":[{"name":"wp","href":"https:\/\/api.w.org\/{rel}","templated":true}]}}