{"id":1595,"date":"2023-06-07T14:56:59","date_gmt":"2023-06-07T14:56:59","guid":{"rendered":"https:\/\/jetski-frejus.com\/?page_id=1595"},"modified":"2023-06-07T15:34:54","modified_gmt":"2023-06-07T15:34:54","slug":"agence-de-communication-dans-le-var","status":"publish","type":"page","link":"https:\/\/jetski-frejus.com\/fr\/agence-de-communication-dans-le-var\/","title":{"rendered":"Agence de communication dans le var"},"content":{"rendered":"\t\t<div data-elementor-type=\"wp-page\" data-elementor-id=\"1595\" class=\"elementor elementor-1595\" data-elementor-post-type=\"page\">\n\t\t\t\t\t\t<section data-particle_enable=\"false\" data-particle-mobile-disabled=\"false\" class=\"elementor-section elementor-top-section elementor-element elementor-element-aaf6b1e elementor-section-boxed elementor-section-height-default elementor-section-height-default\" data-id=\"aaf6b1e\" data-element_type=\"section\" data-e-type=\"section\">\n\t\t\t\t\t\t<div class=\"elementor-container elementor-column-gap-default\">\n\t\t\t\t\t<div class=\"elementor-column elementor-col-50 elementor-top-column elementor-element elementor-element-0b0ee61\" data-id=\"0b0ee61\" data-element_type=\"column\" data-e-type=\"column\">\n\t\t\t<div class=\"elementor-widget-wrap elementor-element-populated\">\n\t\t\t\t\t\t<div class=\"elementor-element elementor-element-54b04ee elementor-widget elementor-widget-heading\" data-id=\"54b04ee\" data-element_type=\"widget\" data-e-type=\"widget\" data-widget_type=\"heading.default\">\n\t\t\t\t<div class=\"elementor-widget-container\">\n\t\t\t\t\t<h2 class=\"elementor-heading-title elementor-size-default\">Agence de communication var<\/h2>\t\t\t\t<\/div>\n\t\t\t\t<\/div>\n\t\t\t\t<div class=\"elementor-element elementor-element-9ba1c93 elementor-widget elementor-widget-text-editor\" data-id=\"9ba1c93\" data-element_type=\"widget\" data-e-type=\"widget\" data-widget_type=\"text-editor.default\">\n\t\t\t\t<div class=\"elementor-widget-container\">\n\t\t\t\t\t\t\t\t\t<p>D\u00e9couvrez AMBRA, l&rsquo;agence de communication dans le Var qui donne vie \u00e0 votre pr\u00e9sence en ligne. Sp\u00e9cialistes de la cr\u00e9ation de sites internet, nous concevons des plateformes web sur mesure, alliant esth\u00e9tique et fonctionnalit\u00e9s avanc\u00e9es. <br \/><br \/>Que vous soyez une entreprise, une startup ou un entrepreneur, notre \u00e9quipe talentueuse vous accompagne pour cr\u00e9er un site web attrayant, intuitif et performant. Du design \u00e0 la programmation, de l&rsquo;optimisation au r\u00e9f\u00e9rencement, nous sommes l\u00e0 pour vous fournir une pr\u00e9sence en ligne impactante et vous aider \u00e0 atteindre vos objectifs. Faites briller votre entreprise sur le web avec AMBRA. <br \/><br \/>Contactez-nous d\u00e8s aujourd&rsquo;hui pour une consultation gratuite.<\/p>\t\t\t\t\t\t\t\t<\/div>\n\t\t\t\t<\/div>\n\t\t\t\t\t<\/div>\n\t\t<\/div>\n\t\t\t\t<div class=\"elementor-column elementor-col-50 elementor-top-column elementor-element elementor-element-a40e9b7\" data-id=\"a40e9b7\" data-element_type=\"column\" data-e-type=\"column\">\n\t\t\t<div class=\"elementor-widget-wrap elementor-element-populated\">\n\t\t\t\t\t\t<div class=\"elementor-element elementor-element-b22830b elementor-widget elementor-widget-image\" data-id=\"b22830b\" data-element_type=\"widget\" data-e-type=\"widget\" data-widget_type=\"image.default\">\n\t\t\t\t<div class=\"elementor-widget-container\">\n\t\t\t\t\t\t\t\t\t\t\t\t\t\t\t<img fetchpriority=\"high\" decoding=\"async\" width=\"1024\" height=\"576\" src=\"https:\/\/jetski-frejus.com\/wp-content\/uploads\/2023\/06\/02-bg-free-img-1024x576.jpg\" class=\"attachment-large size-large wp-image-1410\" alt=\"\" srcset=\"https:\/\/jetski-frejus.com\/wp-content\/uploads\/2023\/06\/02-bg-free-img-1024x576.jpg 1024w, https:\/\/jetski-frejus.com\/wp-content\/uploads\/2023\/06\/02-bg-free-img-300x169.jpg 300w, https:\/\/jetski-frejus.com\/wp-content\/uploads\/2023\/06\/02-bg-free-img-768x432.jpg 768w, https:\/\/jetski-frejus.com\/wp-content\/uploads\/2023\/06\/02-bg-free-img-1536x864.jpg 1536w, https:\/\/jetski-frejus.com\/wp-content\/uploads\/2023\/06\/02-bg-free-img.jpg 1920w\" sizes=\"(max-width: 1024px) 100vw, 1024px\" title=\"\">\t\t\t\t\t\t\t\t\t\t\t\t\t\t\t<\/div>\n\t\t\t\t<\/div>\n\t\t\t\t<div class=\"elementor-element elementor-element-4b49c35 elementor-widget elementor-widget-button\" data-id=\"4b49c35\" data-element_type=\"widget\" data-e-type=\"widget\" data-widget_type=\"button.default\">\n\t\t\t\t<div class=\"elementor-widget-container\">\n\t\t\t\t\t\t\t\t\t<div class=\"elementor-button-wrapper\">\n\t\t\t\t\t<a class=\"elementor-button elementor-button-link elementor-size-sm\" href=\"https:\/\/www.ambra.fr\" rel=\"noopener\">\n\t\t\t\t\t\t<span class=\"elementor-button-content-wrapper\">\n\t\t\t\t\t\t\t\t\t<span class=\"elementor-button-text\">Contacter AMBRA<\/span>\n\t\t\t\t\t<\/span>\n\t\t\t\t\t<\/a>\n\t\t\t\t<\/div>\n\t\t\t\t\t\t\t\t<\/div>\n\t\t\t\t<\/div>\n\t\t\t\t\t<\/div>\n\t\t<\/div>\n\t\t\t\t\t<\/div>\n\t\t<\/section>\n\t\t\t\t<\/div>\n\t\t","protected":false},"excerpt":{"rendered":"<p>Agence de communication var D\u00e9couvrez AMBRA, l&rsquo;agence de communication dans le Var qui donne vie \u00e0 votre pr\u00e9sence en ligne. Sp\u00e9cialistes de la cr\u00e9ation de sites internet, nous concevons des plateformes web sur mesure, alliant esth\u00e9tique et fonctionnalit\u00e9s avanc\u00e9es. Que vous soyez une entreprise, une startup ou un entrepreneur, notre \u00e9quipe talentueuse vous accompagne pour [&hellip;]<\/p>\n","protected":false},"author":5,"featured_media":0,"parent":0,"menu_order":0,"comment_status":"closed","ping_status":"open","template":"","meta":{"site-sidebar-layout":"no-sidebar","site-content-layout":"page-builder","ast-site-content-layout":"default","site-content-style":"default","site-sidebar-style":"default","ast-global-header-display":"","ast-banner-title-visibility":"","ast-main-header-display":"","ast-hfb-above-header-display":"","ast-hfb-below-header-display":"","ast-hfb-mobile-header-display":"","site-post-title":"disabled","ast-breadcrumbs-content":"","ast-featured-img":"disabled","footer-sml-layout":"","ast-disable-related-posts":"","theme-transparent-header-meta":"","adv-header-id-meta":"","stick-header-meta":"","header-above-stick-meta":"","header-main-stick-meta":"","header-below-stick-meta":"","astra-migrate-meta-layouts":"default","ast-page-background-enabled":"default","ast-page-background-meta":{"desktop":{"background-color":"","background-image":"","background-repeat":"repeat","background-position":"center center","background-size":"auto","background-attachment":"scroll","background-type":"","background-media":"","overlay-type":"","overlay-color":"","overlay-opacity":"","overlay-gradient":""},"tablet":{"background-color":"","background-image":"","background-repeat":"repeat","background-position":"center center","background-size":"auto","background-attachment":"scroll","background-type":"","background-media":"","overlay-type":"","overlay-color":"","overlay-opacity":"","overlay-gradient":""},"mobile":{"background-color":"","background-image":"","background-repeat":"repeat","background-position":"center center","background-size":"auto","background-attachment":"scroll","background-type":"","background-media":"","overlay-type":"","overlay-color":"","overlay-opacity":"","overlay-gradient":""}},"ast-content-background-meta":{"desktop":{"background-color":"var(--ast-global-color-5)","background-image":"","background-repeat":"repeat","background-position":"center center","background-size":"auto","background-attachment":"scroll","background-type":"","background-media":"","overlay-type":"","overlay-color":"","overlay-opacity":"","overlay-gradient":""},"tablet":{"background-color":"var(--ast-global-color-5)","background-image":"","background-repeat":"repeat","background-position":"center center","background-size":"auto","background-attachment":"scroll","background-type":"","background-media":"","overlay-type":"","overlay-color":"","overlay-opacity":"","overlay-gradient":""},"mobile":{"background-color":"var(--ast-global-color-5)","background-image":"","background-repeat":"repeat","background-position":"center center","background-size":"auto","background-attachment":"scroll","background-type":"","background-media":"","overlay-type":"","overlay-color":"","overlay-opacity":"","overlay-gradient":""}},"footnotes":""},"class_list":["post-1595","page","type-page","status-publish","hentry"],"_links":{"self":[{"href":"https:\/\/jetski-frejus.com\/fr\/wp-json\/wp\/v2\/pages\/1595","targetHints":{"allow":["GET"]}}],"collection":[{"href":"https:\/\/jetski-frejus.com\/fr\/wp-json\/wp\/v2\/pages"}],"about":[{"href":"https:\/\/jetski-frejus.com\/fr\/wp-json\/wp\/v2\/types\/page"}],"author":[{"embeddable":true,"href":"https:\/\/jetski-frejus.com\/fr\/wp-json\/wp\/v2\/users\/5"}],"replies":[{"embeddable":true,"href":"https:\/\/jetski-frejus.com\/fr\/wp-json\/wp\/v2\/comments?post=1595"}],"version-history":[{"count":10,"href":"https:\/\/jetski-frejus.com\/fr\/wp-json\/wp\/v2\/pages\/1595\/revisions"}],"predecessor-version":[{"id":1628,"href":"https:\/\/jetski-frejus.com\/fr\/wp-json\/wp\/v2\/pages\/1595\/revisions\/1628"}],"wp:attachment":[{"href":"https:\/\/jetski-frejus.com\/fr\/wp-json\/wp\/v2\/media?parent=1595"}],"curies":[{"name":"wp","href":"https:\/\/api.w.org\/{rel}","templated":true}]}}